{"id":3414,"date":"2023-06-28T00:45:59","date_gmt":"2023-06-28T00:45:59","guid":{"rendered":"https:\/\/www.fics.com.mx\/nova-test\/?post_type=product&#038;p=3414"},"modified":"2023-06-29T18:49:30","modified_gmt":"2023-06-29T18:49:30","slug":"equipo-de-rescate-acuatico-rexponder","status":"publish","type":"product","link":"https:\/\/www.fics.com.mx\/nova-test\/product\/equipo-de-rescate-acuatico-rexponder\/","title":{"rendered":"Equipo de Rescate Acu\u00e1tico &#8211; Rexponder"},"content":{"rendered":"<p><strong>Una de las mejores marcas para art\u00edculos de rescate acu\u00e1tico, buceo deportivo y profesional.<\/strong><\/p>\n","protected":false},"excerpt":{"rendered":"<p><strong>Equipo de Rescate Acu\u00e1tico &#8211; Rexponder<\/strong><\/p>\n<p>Art\u00edculos para rescate acu\u00e1tico.<\/p>\n<p>&nbsp;<\/p>\n<h3>Solicita una asesor\u00eda o cotizaci\u00f3n<\/h3>\n[wpforms id=\"3530\"]\n","protected":false},"featured_media":3417,"template":"","meta":[],"product_brand":[],"product_cat":[56],"product_tag":[],"class_list":{"0":"post-3414","1":"product","2":"type-product","3":"status-publish","4":"has-post-thumbnail","6":"product_cat-rexponder","8":"first","9":"instock","10":"shipping-taxable","11":"product-type-simple"},"_links":{"self":[{"href":"https:\/\/www.fics.com.mx\/nova-test\/wp-json\/wp\/v2\/product\/3414","targetHints":{"allow":["GET"]}}],"collection":[{"href":"https:\/\/www.fics.com.mx\/nova-test\/wp-json\/wp\/v2\/product"}],"about":[{"href":"https:\/\/www.fics.com.mx\/nova-test\/wp-json\/wp\/v2\/types\/product"}],"wp:featuredmedia":[{"embeddable":true,"href":"https:\/\/www.fics.com.mx\/nova-test\/wp-json\/wp\/v2\/media\/3417"}],"wp:attachment":[{"href":"https:\/\/www.fics.com.mx\/nova-test\/wp-json\/wp\/v2\/media?parent=3414"}],"wp:term":[{"taxonomy":"product_brand","embeddable":true,"href":"https:\/\/www.fics.com.mx\/nova-test\/wp-json\/wp\/v2\/product_brand?post=3414"},{"taxonomy":"product_cat","embeddable":true,"href":"https:\/\/www.fics.com.mx\/nova-test\/wp-json\/wp\/v2\/product_cat?post=3414"},{"taxonomy":"product_tag","embeddable":true,"href":"https:\/\/www.fics.com.mx\/nova-test\/wp-json\/wp\/v2\/product_tag?post=3414"}],"curies":[{"name":"wp","href":"https:\/\/api.w.org\/{rel}","templated":true}]}}