{"id":3412,"date":"2023-06-28T00:40:07","date_gmt":"2023-06-28T00:40:07","guid":{"rendered":"https:\/\/www.fics.com.mx\/nova-test\/?post_type=product&#038;p=3412"},"modified":"2023-06-29T18:49:39","modified_gmt":"2023-06-29T18:49:39","slug":"equipo-de-primeros-auxilios-rexponder","status":"publish","type":"product","link":"https:\/\/www.fics.com.mx\/nova-test\/product\/equipo-de-primeros-auxilios-rexponder\/","title":{"rendered":"Equipo de Primeros Auxilios &#8211; REXPONDER"},"content":{"rendered":"<p><strong>Equipo de primeros auxilios.<\/strong><\/p>\n<p>Excelente opci\u00f3n en equipo m\u00e9dico y de rescate, camillas r\u00edgidas, equipo t\u00e1ctico, f\u00e9rulas<\/p>\n","protected":false},"excerpt":{"rendered":"<p><em>Equipo Primeros Auxilios &#8211; Rexponder<\/em><\/p>\n<p>&nbsp;<\/p>\n<h3>Solicita una asesor\u00eda o cotizaci\u00f3n<\/h3>\n[wpforms id=\"3530\"]\n","protected":false},"featured_media":3046,"template":"","meta":[],"product_brand":[],"product_cat":[56],"product_tag":[],"class_list":{"0":"post-3412","1":"product","2":"type-product","3":"status-publish","4":"has-post-thumbnail","6":"product_cat-rexponder","8":"first","9":"instock","10":"shipping-taxable","11":"product-type-simple"},"_links":{"self":[{"href":"https:\/\/www.fics.com.mx\/nova-test\/wp-json\/wp\/v2\/product\/3412","targetHints":{"allow":["GET"]}}],"collection":[{"href":"https:\/\/www.fics.com.mx\/nova-test\/wp-json\/wp\/v2\/product"}],"about":[{"href":"https:\/\/www.fics.com.mx\/nova-test\/wp-json\/wp\/v2\/types\/product"}],"wp:featuredmedia":[{"embeddable":true,"href":"https:\/\/www.fics.com.mx\/nova-test\/wp-json\/wp\/v2\/media\/3046"}],"wp:attachment":[{"href":"https:\/\/www.fics.com.mx\/nova-test\/wp-json\/wp\/v2\/media?parent=3412"}],"wp:term":[{"taxonomy":"product_brand","embeddable":true,"href":"https:\/\/www.fics.com.mx\/nova-test\/wp-json\/wp\/v2\/product_brand?post=3412"},{"taxonomy":"product_cat","embeddable":true,"href":"https:\/\/www.fics.com.mx\/nova-test\/wp-json\/wp\/v2\/product_cat?post=3412"},{"taxonomy":"product_tag","embeddable":true,"href":"https:\/\/www.fics.com.mx\/nova-test\/wp-json\/wp\/v2\/product_tag?post=3412"}],"curies":[{"name":"wp","href":"https:\/\/api.w.org\/{rel}","templated":true}]}}