{"id":3393,"date":"2023-06-28T00:09:09","date_gmt":"2023-06-28T00:09:09","guid":{"rendered":"https:\/\/www.fics.com.mx\/nova-test\/?post_type=product&#038;p=3393"},"modified":"2023-06-29T18:50:03","modified_gmt":"2023-06-29T18:50:03","slug":"scorp-eye-telemetro","status":"publish","type":"product","link":"https:\/\/www.fics.com.mx\/nova-test\/product\/scorp-eye-telemetro\/","title":{"rendered":"Scorp Eye &#8211; Telemetro"},"content":{"rendered":"<p>Responde a movimientos de 5mm a 10mm medidos en masas potencialmente peligrosas como suelos, losas, columnas, paredes, vigas y \u00e1rboles. Tambi\u00e9n se ha demostrado \u00fatil en el monitoreo de sitios industriales despu\u00e9s de una cat\u00e1strofe.<\/p>\n","protected":false},"excerpt":{"rendered":"<p><strong>Scorp Eye &#8211; Telemetro<\/strong><\/p>\n<p>&nbsp;<\/p>\n<h3>Solicita una asesor\u00eda o cotizaci\u00f3n<\/h3>\n[wpforms id=\"3530\"]\n","protected":false},"featured_media":3113,"template":"","meta":[],"product_brand":[],"product_cat":[30],"product_tag":[],"class_list":{"0":"post-3393","1":"product","2":"type-product","3":"status-publish","4":"has-post-thumbnail","6":"product_cat-jscorpe-technologies","8":"first","9":"instock","10":"shipping-taxable","11":"product-type-simple"},"_links":{"self":[{"href":"https:\/\/www.fics.com.mx\/nova-test\/wp-json\/wp\/v2\/product\/3393","targetHints":{"allow":["GET"]}}],"collection":[{"href":"https:\/\/www.fics.com.mx\/nova-test\/wp-json\/wp\/v2\/product"}],"about":[{"href":"https:\/\/www.fics.com.mx\/nova-test\/wp-json\/wp\/v2\/types\/product"}],"wp:featuredmedia":[{"embeddable":true,"href":"https:\/\/www.fics.com.mx\/nova-test\/wp-json\/wp\/v2\/media\/3113"}],"wp:attachment":[{"href":"https:\/\/www.fics.com.mx\/nova-test\/wp-json\/wp\/v2\/media?parent=3393"}],"wp:term":[{"taxonomy":"product_brand","embeddable":true,"href":"https:\/\/www.fics.com.mx\/nova-test\/wp-json\/wp\/v2\/product_brand?post=3393"},{"taxonomy":"product_cat","embeddable":true,"href":"https:\/\/www.fics.com.mx\/nova-test\/wp-json\/wp\/v2\/product_cat?post=3393"},{"taxonomy":"product_tag","embeddable":true,"href":"https:\/\/www.fics.com.mx\/nova-test\/wp-json\/wp\/v2\/product_tag?post=3393"}],"curies":[{"name":"wp","href":"https:\/\/api.w.org\/{rel}","templated":true}]}}