{"id":3391,"date":"2023-06-28T00:06:31","date_gmt":"2023-06-28T00:06:31","guid":{"rendered":"https:\/\/www.fics.com.mx\/nova-test\/?post_type=product&#038;p=3391"},"modified":"2023-06-29T18:50:32","modified_gmt":"2023-06-29T18:50:32","slug":"vibraphone-as-b10","status":"publish","type":"product","link":"https:\/\/www.fics.com.mx\/nova-test\/product\/vibraphone-as-b10\/","title":{"rendered":"Vibraphone AS B10"},"content":{"rendered":"<p><strong>Equipo de detecci\u00f3n y comunicaci\u00f3n con v\u00edctimas.<\/strong><\/p>\n<p>Versiones con y sin cable.<\/p>\n<p>&nbsp;<\/p>\n<p><strong>Detalles T\u00e9cnicos<\/strong><\/p>\n<div class=\"et_pb_toggle_content clearfix\">\n<p>Temperaturas de Operaci\u00f3n: -10\u00b0C to +60\u00b0C<br \/>\nTemperatura de Almacenamiento: -40\u00b0C to +70\u00b0C<br \/>\nTiempo de Carga: 4 horas<br \/>\nAutonom\u00eda: 4 a 6 horas<br \/>\nPeso : 20kg con maleta de transporte<br \/>\nL x W x H : 802 x 520 x 316mm<\/p>\n<\/div>\n","protected":false},"excerpt":{"rendered":"<div class=\"et_pb_module et_pb_toggle et_pb_toggle_0 et_pb_toggle_item et_pb_toggle_open\">\n<div class=\"et_pb_toggle_content clearfix\">\n<p><strong>Equipo de detecci\u00f3n y comunicaci\u00f3n con v\u00edctimas.<\/strong><\/p>\n<\/div>\n<h3>Solicita una asesor\u00eda o cotizaci\u00f3n<\/h3>\n[wpforms id=\"3530\"]\n<\/div>\n","protected":false},"featured_media":3112,"template":"","meta":[],"product_brand":[],"product_cat":[30],"product_tag":[],"class_list":{"0":"post-3391","1":"product","2":"type-product","3":"status-publish","4":"has-post-thumbnail","6":"product_cat-jscorpe-technologies","8":"first","9":"instock","10":"shipping-taxable","11":"product-type-simple"},"_links":{"self":[{"href":"https:\/\/www.fics.com.mx\/nova-test\/wp-json\/wp\/v2\/product\/3391","targetHints":{"allow":["GET"]}}],"collection":[{"href":"https:\/\/www.fics.com.mx\/nova-test\/wp-json\/wp\/v2\/product"}],"about":[{"href":"https:\/\/www.fics.com.mx\/nova-test\/wp-json\/wp\/v2\/types\/product"}],"wp:featuredmedia":[{"embeddable":true,"href":"https:\/\/www.fics.com.mx\/nova-test\/wp-json\/wp\/v2\/media\/3112"}],"wp:attachment":[{"href":"https:\/\/www.fics.com.mx\/nova-test\/wp-json\/wp\/v2\/media?parent=3391"}],"wp:term":[{"taxonomy":"product_brand","embeddable":true,"href":"https:\/\/www.fics.com.mx\/nova-test\/wp-json\/wp\/v2\/product_brand?post=3391"},{"taxonomy":"product_cat","embeddable":true,"href":"https:\/\/www.fics.com.mx\/nova-test\/wp-json\/wp\/v2\/product_cat?post=3391"},{"taxonomy":"product_tag","embeddable":true,"href":"https:\/\/www.fics.com.mx\/nova-test\/wp-json\/wp\/v2\/product_tag?post=3391"}],"curies":[{"name":"wp","href":"https:\/\/api.w.org\/{rel}","templated":true}]}}