{"id":3370,"date":"2023-06-27T00:42:23","date_gmt":"2023-06-27T00:42:23","guid":{"rendered":"https:\/\/www.fics.com.mx\/nova-test\/?post_type=product&#038;p=3370"},"modified":"2023-06-29T18:53:11","modified_gmt":"2023-06-29T18:53:11","slug":"ram-sr-herramientas-hidraulicas","status":"publish","type":"product","link":"https:\/\/www.fics.com.mx\/nova-test\/product\/ram-sr-herramientas-hidraulicas\/","title":{"rendered":"Ram SR &#8211; Herramientas Hidr\u00e1ulicas"},"content":{"rendered":"<p><strong>Ram SR<br \/>\n<\/strong><\/p>\n<p>El ariete SR se usa para crear y estabilizar aberturas despu\u00e9s de un accidente automovil\u00edstico o de cami\u00f3n para liberar a las victimas.<\/p>\n<p>Se utiliza tambi\u00e9n para mantener una estructura despu\u00e9s de un edificio colapsado o un desastre natural.<\/p>\n","protected":false},"excerpt":{"rendered":"<p>Es la RAM m\u00e1s ligera del mercado y tiene grandes prestaciones. Su dise\u00f1o especial de cabeza con 4 puntas agudas mantiene un agarre poderoso y seguro en cualquier estructura y su rotaci\u00f3n de cabeza de 360\u00aa permitir\u00e1 maniobrar el carnero f\u00e1cilmente en muchos \u00e1ngulos.<\/p>\n<p>&nbsp;<\/p>\n<h3>Solicita una asesor\u00eda o cotizaci\u00f3n<\/h3>\n[wpforms id=\"3530\"]\n","protected":false},"featured_media":3108,"template":"","meta":[],"product_brand":[],"product_cat":[30],"product_tag":[],"class_list":{"0":"post-3370","1":"product","2":"type-product","3":"status-publish","4":"has-post-thumbnail","6":"product_cat-jscorpe-technologies","8":"first","9":"instock","10":"shipping-taxable","11":"product-type-simple"},"_links":{"self":[{"href":"https:\/\/www.fics.com.mx\/nova-test\/wp-json\/wp\/v2\/product\/3370","targetHints":{"allow":["GET"]}}],"collection":[{"href":"https:\/\/www.fics.com.mx\/nova-test\/wp-json\/wp\/v2\/product"}],"about":[{"href":"https:\/\/www.fics.com.mx\/nova-test\/wp-json\/wp\/v2\/types\/product"}],"wp:featuredmedia":[{"embeddable":true,"href":"https:\/\/www.fics.com.mx\/nova-test\/wp-json\/wp\/v2\/media\/3108"}],"wp:attachment":[{"href":"https:\/\/www.fics.com.mx\/nova-test\/wp-json\/wp\/v2\/media?parent=3370"}],"wp:term":[{"taxonomy":"product_brand","embeddable":true,"href":"https:\/\/www.fics.com.mx\/nova-test\/wp-json\/wp\/v2\/product_brand?post=3370"},{"taxonomy":"product_cat","embeddable":true,"href":"https:\/\/www.fics.com.mx\/nova-test\/wp-json\/wp\/v2\/product_cat?post=3370"},{"taxonomy":"product_tag","embeddable":true,"href":"https:\/\/www.fics.com.mx\/nova-test\/wp-json\/wp\/v2\/product_tag?post=3370"}],"curies":[{"name":"wp","href":"https:\/\/api.w.org\/{rel}","templated":true}]}}