{"id":2464,"date":"2015-02-18T23:03:41","date_gmt":"2015-02-18T23:03:41","guid":{"rendered":"http:\/\/rttheme19.rtthemes.com\/?post_type=product&#038;p=2464"},"modified":"2023-06-29T18:53:43","modified_gmt":"2023-06-29T18:53:43","slug":"espumogenos-3f","status":"publish","type":"product","link":"https:\/\/www.fics.com.mx\/nova-test\/product\/espumogenos-3f\/","title":{"rendered":"Espum\u00f3genos"},"content":{"rendered":"<p><strong>3F Especialista en la creaci\u00f3n de productos qu\u00edmicos estudiados para dar la mejor respuesta a los servicios de seguridad, industriales e institucionales.<\/strong><\/p>\n<p>3F cuenta con m\u00e1s de 20 a\u00f1os de experiencia desarrollando espum\u00f3genos especiales para combatir incendios.<\/p>\n<p>La gama tiene m\u00e1s de 30 referencias incluyendo todos los tipos, clase A, sint\u00e9ticos AFFF y anti alcoholes, y una gama especial de productos ecol\u00f3gicos. Estas espumas verdes combinan la eficacia extintora con una f\u00f3rmula que cumple con las altas exigencias respecto al medio ambiente.<\/p>\n<p>&nbsp;<\/p>\n","protected":false},"excerpt":{"rendered":"<p>3F Especialista en la creaci\u00f3n de productos qu\u00edmicos estudiados para dar la mejor respuesta a los servicios de seguridad, industriales e institucionales.<\/p>\n<p>&nbsp;<\/p>\n<p><strong>Solicita una asesor\u00eda o cotizaci\u00f3n<\/strong><\/p>\n[wpforms id=\"3530\"]\n","protected":false},"featured_media":3064,"template":"","meta":[],"product_brand":[],"product_cat":[26],"product_tag":[51,50],"class_list":{"0":"post-2464","1":"product","2":"type-product","3":"status-publish","4":"has-post-thumbnail","6":"product_cat-ef-espumogenos","7":"product_tag-3f","8":"product_tag-espumogenos","10":"first","11":"instock","12":"shipping-taxable","13":"product-type-simple"},"_links":{"self":[{"href":"https:\/\/www.fics.com.mx\/nova-test\/wp-json\/wp\/v2\/product\/2464","targetHints":{"allow":["GET"]}}],"collection":[{"href":"https:\/\/www.fics.com.mx\/nova-test\/wp-json\/wp\/v2\/product"}],"about":[{"href":"https:\/\/www.fics.com.mx\/nova-test\/wp-json\/wp\/v2\/types\/product"}],"wp:featuredmedia":[{"embeddable":true,"href":"https:\/\/www.fics.com.mx\/nova-test\/wp-json\/wp\/v2\/media\/3064"}],"wp:attachment":[{"href":"https:\/\/www.fics.com.mx\/nova-test\/wp-json\/wp\/v2\/media?parent=2464"}],"wp:term":[{"taxonomy":"product_brand","embeddable":true,"href":"https:\/\/www.fics.com.mx\/nova-test\/wp-json\/wp\/v2\/product_brand?post=2464"},{"taxonomy":"product_cat","embeddable":true,"href":"https:\/\/www.fics.com.mx\/nova-test\/wp-json\/wp\/v2\/product_cat?post=2464"},{"taxonomy":"product_tag","embeddable":true,"href":"https:\/\/www.fics.com.mx\/nova-test\/wp-json\/wp\/v2\/product_tag?post=2464"}],"curies":[{"name":"wp","href":"https:\/\/api.w.org\/{rel}","templated":true}]}}