{"id":2442,"date":"2015-02-18T19:25:39","date_gmt":"2015-02-18T19:25:39","guid":{"rendered":"http:\/\/rttheme19.rtthemes.com\/?post_type=product&#038;p=2442"},"modified":"2023-06-29T19:10:11","modified_gmt":"2023-06-29T19:10:11","slug":"fas-bombas-de-alta-presion","status":"publish","type":"product","link":"https:\/\/www.fics.com.mx\/nova-test\/product\/fas-bombas-de-alta-presion\/","title":{"rendered":"FAS Bombas de Alta Presi\u00f3n"},"content":{"rendered":"<p><strong>Fire Attack Systems (FAS).<\/strong><\/p>\n<p>Sistemas concebidos para ofrecer respuesta inmediata en el combate a fuegos e incendios a trav\u00e9s de una tecnolog\u00eda de alta presi\u00f3n para un mejor uso del agua utilizada.<\/p>\n<p>&nbsp;<\/p>\n<h3>Solicita una asesor\u00eda o cotizaci\u00f3n<\/h3>\n<style id=\"wpforms-css-vars-3530\">\n\t\t\t\t#wpforms-3530 {\n\t\t\t\t\n\t\t\t}\n\t\t\t<\/style><div class=\"wpforms-container wpforms-container-full wpforms-render-modern\" id=\"wpforms-3530\"><form id=\"wpforms-form-3530\" class=\"wpforms-validate wpforms-form wpforms-ajax-form\" data-formid=\"3530\" method=\"post\" enctype=\"multipart\/form-data\" action=\"\/nova-test\/wp-json\/wp\/v2\/product\/2442\" data-token=\"de0968d7c13cad998fe2a418801f9f3d\" data-token-time=\"1777572694\"><noscript class=\"wpforms-error-noscript\">Por favor, activa JavaScript en tu navegador para completar este formulario.<\/noscript><div id=\"wpforms-error-noscript\" style=\"display: none;\">Por favor, activa JavaScript en tu navegador para completar este formulario.<\/div><div class=\"wpforms-field-container\"><div id=\"wpforms-3530-field_0-container\" class=\"wpforms-field wpforms-field-name\" data-field-id=\"0\"><fieldset><legend class=\"wpforms-field-label\">Nombre <span class=\"wpforms-required-label\" aria-hidden=\"true\">*<\/span><\/legend><div class=\"wpforms-field-row wpforms-field-large\"><div class=\"wpforms-field-row-block wpforms-first wpforms-one-half\"><input type=\"text\" id=\"wpforms-3530-field_0\" class=\"wpforms-field-name-first wpforms-field-required\" name=\"wpforms[fields][0][first]\" aria-errormessage=\"wpforms-3530-field_0-error\" required><label for=\"wpforms-3530-field_0\" class=\"wpforms-field-sublabel after\">Nombre<\/label><\/div><div class=\"wpforms-field-row-block wpforms-one-half\"><input type=\"text\" id=\"wpforms-3530-field_0-last\" class=\"wpforms-field-name-last wpforms-field-required\" name=\"wpforms[fields][0][last]\" aria-errormessage=\"wpforms-3530-field_0-last-error\" required><label for=\"wpforms-3530-field_0-last\" class=\"wpforms-field-sublabel after\">Apellidos<\/label><\/div><\/div><\/fieldset><\/div><div id=\"wpforms-3530-field_1-container\" class=\"wpforms-field wpforms-field-email\" data-field-id=\"1\"><label class=\"wpforms-field-label\" for=\"wpforms-3530-field_1\">Correo electr\u00f3nico <span class=\"wpforms-required-label\" aria-hidden=\"true\">*<\/span><\/label><input type=\"email\" id=\"wpforms-3530-field_1\" class=\"wpforms-field-large wpforms-field-required\" name=\"wpforms[fields][1]\" spellcheck=\"false\" aria-errormessage=\"wpforms-3530-field_1-error\" required><\/div><div id=\"wpforms-3530-field_3-container\" class=\"wpforms-field wpforms-field-checkbox wpforms-list-inline\" data-field-id=\"3\"><fieldset><legend class=\"wpforms-field-label\">Me interesa:<\/legend><ul id=\"wpforms-3530-field_3\"><li class=\"choice-1 depth-1\"><input type=\"checkbox\" id=\"wpforms-3530-field_3_1\" name=\"wpforms[fields][3][]\" value=\"Asesor\u00eda de proyecto\" aria-errormessage=\"wpforms-3530-field_3_1-error\"  ><label class=\"wpforms-field-label-inline\" for=\"wpforms-3530-field_3_1\">Asesor\u00eda de proyecto<\/label><\/li><li class=\"choice-2 depth-1\"><input type=\"checkbox\" id=\"wpforms-3530-field_3_2\" name=\"wpforms[fields][3][]\" value=\"Cotizaci\u00f3n\" aria-errormessage=\"wpforms-3530-field_3_2-error\"  ><label class=\"wpforms-field-label-inline\" for=\"wpforms-3530-field_3_2\">Cotizaci\u00f3n<\/label><\/li><\/ul><\/fieldset><\/div><div id=\"wpforms-3530-field_2-container\" class=\"wpforms-field wpforms-field-textarea\" data-field-id=\"2\"><label class=\"wpforms-field-label\" for=\"wpforms-3530-field_2\">Requerimiento y\/o mensaje <span class=\"wpforms-required-label\" aria-hidden=\"true\">*<\/span><\/label><textarea id=\"wpforms-3530-field_2\" class=\"wpforms-field-medium wpforms-field-required\" name=\"wpforms[fields][2]\" aria-errormessage=\"wpforms-3530-field_2-error\" required><\/textarea><\/div><\/div><!-- .wpforms-field-container --><div class=\"wpforms-submit-container\" ><input type=\"hidden\" name=\"wpforms[id]\" value=\"3530\"><input type=\"hidden\" name=\"page_title\" value=\"\"><input type=\"hidden\" name=\"page_url\" value=\"https:\/\/www.fics.com.mx\/nova-test\/wp-json\/wp\/v2\/product\/2442\"><input type=\"hidden\" name=\"url_referer\" value=\"\"><button type=\"submit\" name=\"wpforms[submit]\" id=\"wpforms-submit-3530\" class=\"wpforms-submit\" data-alt-text=\"Enviando...\" data-submit-text=\"Enviar Mensaje\" aria-live=\"assertive\" value=\"wpforms-submit\">Enviar Mensaje<\/button><img loading=\"lazy\" decoding=\"async\" src=\"https:\/\/www.fics.com.mx\/nova-test\/wp-content\/plugins\/wpforms-lite\/assets\/images\/submit-spin.svg\" class=\"wpforms-submit-spinner\" style=\"display: none;\" width=\"26\" height=\"26\" alt=\"Cargando\"><\/div><\/form><\/div>  <!-- .wpforms-container -->\n","protected":false},"excerpt":{"rendered":"<p>FAS es eficaz y pensado en cuidar el medio ambiente. F\u00e1cil de utilizar, compacto y ligero es una excelente soluci\u00f3n para escenarios de fuego o incendios.<\/p>\n<p>&nbsp;<\/p>\n","protected":false},"featured_media":3066,"template":"","meta":[],"product_brand":[],"product_cat":[28],"product_tag":[],"class_list":{"0":"post-2442","1":"product","2":"type-product","3":"status-publish","4":"has-post-thumbnail","6":"product_cat-fas-bombas-de-alta-presion","8":"first","9":"instock","10":"shipping-taxable","11":"product-type-simple"},"_links":{"self":[{"href":"https:\/\/www.fics.com.mx\/nova-test\/wp-json\/wp\/v2\/product\/2442","targetHints":{"allow":["GET"]}}],"collection":[{"href":"https:\/\/www.fics.com.mx\/nova-test\/wp-json\/wp\/v2\/product"}],"about":[{"href":"https:\/\/www.fics.com.mx\/nova-test\/wp-json\/wp\/v2\/types\/product"}],"wp:featuredmedia":[{"embeddable":true,"href":"https:\/\/www.fics.com.mx\/nova-test\/wp-json\/wp\/v2\/media\/3066"}],"wp:attachment":[{"href":"https:\/\/www.fics.com.mx\/nova-test\/wp-json\/wp\/v2\/media?parent=2442"}],"wp:term":[{"taxonomy":"product_brand","embeddable":true,"href":"https:\/\/www.fics.com.mx\/nova-test\/wp-json\/wp\/v2\/product_brand?post=2442"},{"taxonomy":"product_cat","embeddable":true,"href":"https:\/\/www.fics.com.mx\/nova-test\/wp-json\/wp\/v2\/product_cat?post=2442"},{"taxonomy":"product_tag","embeddable":true,"href":"https:\/\/www.fics.com.mx\/nova-test\/wp-json\/wp\/v2\/product_tag?post=2442"}],"curies":[{"name":"wp","href":"https:\/\/api.w.org\/{rel}","templated":true}]}}