{"id":2784,"date":"2016-09-08T20:29:31","date_gmt":"2016-09-08T20:29:31","guid":{"rendered":"http:\/\/rt19-demo12.rtthemes.com\/?page_id=2784"},"modified":"2023-07-13T18:16:51","modified_gmt":"2023-07-13T18:16:51","slug":"acerca-de-nova-emergency-solutions","status":"publish","type":"page","link":"https:\/\/www.fics.com.mx\/nova-test\/acerca-de-nova-emergency-solutions\/","title":{"rendered":"Acerca de NES"},"content":{"rendered":"<div class=\"wpb-content-wrapper\"><p>[vc_row rt_row_background_width=\u00bbfullwidth\u00bb rt_row_content_width=\u00bbdefault\u00bb rt_row_style=\u00bbdefault-style\u00bb rt_column_placement=\u00bbmiddle\u00bb rt_row_borders=\u00bb\u00bb rt_row_paddings=\u00bbtrue\u00bb rt_bg_effect=\u00bbclassic\u00bb rt_bg_image_repeat=\u00bbrepeat\u00bb rt_bg_size=\u00bbcover\u00bb rt_bg_position=\u00bbright top\u00bb rt_bg_attachment=\u00bbscroll\u00bb rt_bg_video_format=\u00bbself-hosted\u00bb][vc_column width=\u00bb1\/4&#8243; rt_color_set=\u00bbalt-style-2&#8243; rt_wrp_col_paddings=\u00bbfalse\u00bb rt_border_top=\u00bb\u00bb rt_border_bottom=\u00bb\u00bb rt_border_left=\u00bb\u00bb rt_border_right=\u00bb\u00bb rt_border_top_mobile=\u00bb\u00bb rt_border_bottom_mobile=\u00bb\u00bb rt_border_left_mobile=\u00bb\u00bb rt_border_right_mobile=\u00bb\u00bb rt_bg_image_repeat=\u00bbrepeat\u00bb rt_bg_size=\u00bbauto auto\u00bb rt_bg_position=\u00bbright top\u00bb rt_bg_attachment=\u00bbscroll\u00bb class=\u00bbsecondary-font\u00bb rt_padding_top=\u00bb20&#8243; rt_padding_bottom=\u00bb20&#8243; rt_padding_left=\u00bb10&#8243; rt_padding_right=\u00bb10&#8243; css=\u00bb.vc_custom_1687551928243{background-color: rgba(31,59,114,0.85) !important;*background-color: rgb(31,59,114) !important;}\u00bb]<div class=\"rt_heading_wrapper style-7\" style=\"padding-bottom:0px;\">\n\t\t\t\t\t\t<h2 class=\"rt_heading  aligncenter heading-font style-7\"  style=\"font-size:40px;margin-bottom:0px;\">SEGURIDAD y CONFIANZA<\/h2>\n\t\t\t\t\t<\/div>[\/vc_column][vc_column width=\u00bb1\/12&#8243; rt_wrp_col_paddings=\u00bbfalse\u00bb rt_border_top=\u00bb\u00bb rt_border_bottom=\u00bb\u00bb rt_border_left=\u00bb\u00bb rt_border_right=\u00bbtrue\u00bb rt_border_top_mobile=\u00bb\u00bb rt_border_bottom_mobile=\u00bb\u00bb rt_border_left_mobile=\u00bb\u00bb rt_border_right_mobile=\u00bb\u00bb rt_bg_image_repeat=\u00bbrepeat\u00bb rt_bg_size=\u00bbauto auto\u00bb rt_bg_position=\u00bbright top\u00bb rt_bg_attachment=\u00bbscroll\u00bb offset=\u00bbvc_hidden-xs\u00bb][vc_separator style=\u00bbstyle-6&#8243; width=\u00bb100%\u00bb margin_top=\u00bb0&#8243; margin_bottom=\u00bb0&#8243;][\/vc_column][vc_column width=\u00bb2\/3&#8243; rt_wrp_col_paddings=\u00bbfalse\u00bb rt_border_top=\u00bb\u00bb rt_border_bottom=\u00bb\u00bb rt_border_left=\u00bb\u00bb rt_border_right=\u00bb\u00bb rt_border_top_mobile=\u00bb\u00bb rt_border_bottom_mobile=\u00bb\u00bb rt_border_left_mobile=\u00bb\u00bb rt_border_right_mobile=\u00bb\u00bb rt_bg_image_repeat=\u00bbrepeat\u00bb rt_bg_size=\u00bbauto auto\u00bb rt_bg_position=\u00bbright top\u00bb rt_bg_attachment=\u00bbscroll\u00bb rt_padding_left=\u00bb2%\u00bb rt_padding_right=\u00bb2%\u00bb rt_padding_top=\u00bb20&#8243; rt_padding_bottom=\u00bb20&#8243;]<div class=\"rt_heading_wrapper style-1\">\n\t\t\t\t\t\t<h4 class=\"rt_heading  style-1\" >Equipos en Momentos de Emergencia<\/h4>\n\t\t\t\t\t<\/div>[vc_column_text]<strong>Calidad y Confianza:<\/strong><\/p>\n<p>Nuestro compromiso es ofrecer equipos de la m\u00e1s alta calidad, que cumplan con los est\u00e1ndares internacionales m\u00e1s exigentes y brinden resultados \u00f3ptimos en sus labores de prevenci\u00f3n y rescate.[\/vc_column_text][\/vc_column][\/vc_row][vc_row rt_row_background_width=\u00bbfullwidth\u00bb rt_row_content_width=\u00bbdefault\u00bb rt_row_style=\u00bbdefault-style\u00bb rt_column_placement=\u00bbmiddle\u00bb rt_row_borders=\u00bb\u00bb rt_row_paddings=\u00bbtrue\u00bb rt_bg_effect=\u00bbclassic\u00bb rt_bg_image_repeat=\u00bbrepeat\u00bb rt_bg_size=\u00bbcover\u00bb rt_bg_position=\u00bbright top\u00bb rt_bg_attachment=\u00bbscroll\u00bb rt_bg_video_format=\u00bbself-hosted\u00bb][vc_column width=\u00bb1\/4&#8243; rt_color_set=\u00bbalt-style-2&#8243; rt_wrp_col_paddings=\u00bbfalse\u00bb rt_border_top=\u00bb\u00bb rt_border_bottom=\u00bb\u00bb rt_border_left=\u00bb\u00bb rt_border_right=\u00bb\u00bb rt_border_top_mobile=\u00bb\u00bb rt_border_bottom_mobile=\u00bb\u00bb rt_border_left_mobile=\u00bb\u00bb rt_border_right_mobile=\u00bb\u00bb rt_bg_image_repeat=\u00bbrepeat\u00bb rt_bg_size=\u00bbauto auto\u00bb rt_bg_position=\u00bbright top\u00bb rt_bg_attachment=\u00bbscroll\u00bb class=\u00bbsecondary-font\u00bb rt_padding_top=\u00bb20&#8243; rt_padding_bottom=\u00bb20&#8243; rt_padding_left=\u00bb10&#8243; rt_padding_right=\u00bb10&#8243; css=\u00bb.vc_custom_1687551953296{background-color: rgba(31,59,114,0.85) !important;*background-color: rgb(31,59,114) !important;}\u00bb]<div class=\"rt_heading_wrapper style-7\" style=\"padding-bottom:0px;\">\n\t\t\t\t\t\t<h2 class=\"rt_heading  aligncenter heading-font style-7\"  style=\"font-size:40px;margin-bottom:0px;\">SOLUCIONES<\/h2>\n\t\t\t\t\t<\/div>[\/vc_column][vc_column width=\u00bb1\/12&#8243; rt_wrp_col_paddings=\u00bbfalse\u00bb rt_border_top=\u00bb\u00bb rt_border_bottom=\u00bb\u00bb rt_border_left=\u00bb\u00bb rt_border_right=\u00bbtrue\u00bb rt_border_top_mobile=\u00bb\u00bb rt_border_bottom_mobile=\u00bb\u00bb rt_border_left_mobile=\u00bb\u00bb rt_border_right_mobile=\u00bb\u00bb rt_bg_image_repeat=\u00bbrepeat\u00bb rt_bg_size=\u00bbauto auto\u00bb rt_bg_position=\u00bbright top\u00bb rt_bg_attachment=\u00bbscroll\u00bb offset=\u00bbvc_hidden-xs\u00bb][vc_separator style=\u00bbstyle-6&#8243; width=\u00bb100%\u00bb margin_top=\u00bb0&#8243; margin_bottom=\u00bb0&#8243;][\/vc_column][vc_column width=\u00bb2\/3&#8243; rt_wrp_col_paddings=\u00bbfalse\u00bb rt_border_top=\u00bb\u00bb rt_border_bottom=\u00bb\u00bb rt_border_left=\u00bb\u00bb rt_border_right=\u00bb\u00bb rt_border_top_mobile=\u00bb\u00bb rt_border_bottom_mobile=\u00bb\u00bb rt_border_left_mobile=\u00bb\u00bb rt_border_right_mobile=\u00bb\u00bb rt_bg_image_repeat=\u00bbrepeat\u00bb rt_bg_size=\u00bbauto auto\u00bb rt_bg_position=\u00bbright top\u00bb rt_bg_attachment=\u00bbscroll\u00bb rt_padding_left=\u00bb2%\u00bb rt_padding_right=\u00bb2%\u00bb rt_padding_top=\u00bb20&#8243; rt_padding_bottom=\u00bb20&#8243;]<div class=\"rt_heading_wrapper style-1\">\n\t\t\t\t\t\t<h4 class=\"rt_heading  style-1\" >Soluciones a Cualquier Escala<\/h4>\n\t\t\t\t\t<\/div>[vc_column_text]En colaboraci\u00f3n con nuestra empresa aliada EQUIPAMIENTO VEHICULAR MEXICO (EVM), nos especializamos en la adaptaci\u00f3n de veh\u00edculos para combatir incendios, talleres m\u00f3viles, laboratorios m\u00f3viles y m\u00e1s.<\/p>\n<p>Las soluciones personalizadas de NOVA est\u00e1n especialmente dise\u00f1adas para los sectores de emergencia en M\u00e9xico, incluyendo Protecci\u00f3n Civil, Departamentos de Bomberos, Cruz Roja, complejos hoteleros, industria, entre otros[\/vc_column_text][\/vc_column][\/vc_row][vc_row rt_row_background_width=\u00bbfullwidth\u00bb rt_row_content_width=\u00bbdefault\u00bb rt_row_style=\u00bbdefault-style\u00bb rt_column_placement=\u00bbmiddle\u00bb rt_row_borders=\u00bb\u00bb rt_row_paddings=\u00bbtrue\u00bb rt_bg_effect=\u00bbclassic\u00bb rt_bg_image_repeat=\u00bbrepeat\u00bb rt_bg_size=\u00bbcover\u00bb rt_bg_position=\u00bbright top\u00bb rt_bg_attachment=\u00bbscroll\u00bb rt_bg_video_format=\u00bbself-hosted\u00bb][vc_column width=\u00bb1\/4&#8243; rt_color_set=\u00bbalt-style-2&#8243; rt_wrp_col_paddings=\u00bbfalse\u00bb rt_border_top=\u00bb\u00bb rt_border_bottom=\u00bb\u00bb rt_border_left=\u00bb\u00bb rt_border_right=\u00bb\u00bb rt_border_top_mobile=\u00bb\u00bb rt_border_bottom_mobile=\u00bb\u00bb rt_border_left_mobile=\u00bb\u00bb rt_border_right_mobile=\u00bb\u00bb rt_bg_image_repeat=\u00bbrepeat\u00bb rt_bg_size=\u00bbauto auto\u00bb rt_bg_position=\u00bbright top\u00bb rt_bg_attachment=\u00bbscroll\u00bb class=\u00bbsecondary-font\u00bb rt_padding_top=\u00bb20&#8243; rt_padding_bottom=\u00bb20&#8243; rt_padding_left=\u00bb10&#8243; rt_padding_right=\u00bb10&#8243; css=\u00bb.vc_custom_1687551962815{background-color: rgba(31,59,114,0.85) !important;*background-color: rgb(31,59,114) !important;}\u00bb]<div class=\"rt_heading_wrapper style-7\" style=\"padding-bottom:0px;\">\n\t\t\t\t\t\t<h2 class=\"rt_heading  aligncenter heading-font style-7\"  style=\"font-size:40px;margin-bottom:0px;\">EMPRESA<\/h2>\n\t\t\t\t\t<\/div>[\/vc_column][vc_column width=\u00bb1\/12&#8243; rt_wrp_col_paddings=\u00bbfalse\u00bb rt_border_top=\u00bb\u00bb rt_border_bottom=\u00bb\u00bb rt_border_left=\u00bb\u00bb rt_border_right=\u00bbtrue\u00bb rt_border_top_mobile=\u00bb\u00bb rt_border_bottom_mobile=\u00bb\u00bb rt_border_left_mobile=\u00bb\u00bb rt_border_right_mobile=\u00bb\u00bb rt_bg_image_repeat=\u00bbrepeat\u00bb rt_bg_size=\u00bbauto auto\u00bb rt_bg_position=\u00bbright top\u00bb rt_bg_attachment=\u00bbscroll\u00bb offset=\u00bbvc_hidden-xs\u00bb][vc_separator style=\u00bbstyle-6&#8243; width=\u00bb100%\u00bb margin_top=\u00bb0&#8243; margin_bottom=\u00bb0&#8243;][\/vc_column][vc_column width=\u00bb2\/3&#8243; rt_wrp_col_paddings=\u00bbfalse\u00bb rt_border_top=\u00bb\u00bb rt_border_bottom=\u00bb\u00bb rt_border_left=\u00bb\u00bb rt_border_right=\u00bb\u00bb rt_border_top_mobile=\u00bb\u00bb rt_border_bottom_mobile=\u00bb\u00bb rt_border_left_mobile=\u00bb\u00bb rt_border_right_mobile=\u00bb\u00bb rt_bg_image_repeat=\u00bbrepeat\u00bb rt_bg_size=\u00bbauto auto\u00bb rt_bg_position=\u00bbright top\u00bb rt_bg_attachment=\u00bbscroll\u00bb rt_padding_left=\u00bb2%\u00bb rt_padding_right=\u00bb2%\u00bb rt_padding_top=\u00bb20&#8243; rt_padding_bottom=\u00bb20&#8243;]<div class=\"rt_heading_wrapper style-1\">\n\t\t\t\t\t\t<h4 class=\"rt_heading  style-1\" >NOVA EMERGENCY SOLUTION (NES)<\/h4>\n\t\t\t\t\t<\/div>[vc_column_text]Somos una empresa dedicada a la distribuci\u00f3n, importaci\u00f3n y comercializaci\u00f3n de equipo de seguridad para la emergencia.<\/p>\n<p>Como Master Dealer, NES gestiona e importa a M\u00e9xico marcas como SCORPE TECHNOLOGIES y FAS, adem\u00e1s contamos con gran respaldo t\u00e9cnico y de capacitaci\u00f3n para el uso correcto de las herramientas y equipos.[\/vc_column_text][\/vc_column][\/vc_row][vc_row rt_row_background_width=\u00bbfullwidth\u00bb rt_row_content_width=\u00bbdefault\u00bb rt_row_style=\u00bbdefault-style\u00bb rt_column_placement=\u00bbmiddle\u00bb rt_row_borders=\u00bb\u00bb rt_row_paddings=\u00bbtrue\u00bb rt_bg_effect=\u00bbclassic\u00bb rt_bg_image_repeat=\u00bbrepeat\u00bb rt_bg_size=\u00bbcover\u00bb rt_bg_position=\u00bbright top\u00bb rt_bg_attachment=\u00bbscroll\u00bb rt_bg_video_format=\u00bbself-hosted\u00bb rt_bg_color=\u00bb#a5a5a5&#8243;][vc_column width=\u00bb1\/4&#8243; rt_color_set=\u00bbalt-style-2&#8243; rt_wrp_col_paddings=\u00bbfalse\u00bb rt_border_top=\u00bb\u00bb rt_border_bottom=\u00bb\u00bb rt_border_left=\u00bb\u00bb rt_border_right=\u00bb\u00bb rt_border_top_mobile=\u00bb\u00bb rt_border_bottom_mobile=\u00bb\u00bb rt_border_left_mobile=\u00bb\u00bb rt_border_right_mobile=\u00bb\u00bb rt_bg_image_repeat=\u00bbrepeat\u00bb rt_bg_size=\u00bbauto auto\u00bb rt_bg_position=\u00bbright top\u00bb rt_bg_attachment=\u00bbscroll\u00bb class=\u00bbsecondary-font\u00bb rt_padding_top=\u00bb20&#8243; rt_padding_bottom=\u00bb20&#8243; rt_padding_left=\u00bb10&#8243; rt_padding_right=\u00bb10&#8243; css=\u00bb.vc_custom_1687551972716{background-color: rgba(31,59,114,0.85) !important;*background-color: rgb(31,59,114) !important;}\u00bb]<div class=\"rt_heading_wrapper style-7\" style=\"padding-bottom:0px;\">\n\t\t\t\t\t\t<h2 class=\"rt_heading  aligncenter heading-font style-7\"  style=\"font-size:40px;margin-bottom:0px;\">Brands \/ Partners<\/h2>\n\t\t\t\t\t<\/div>[\/vc_column][vc_column width=\u00bb1\/12&#8243; rt_wrp_col_paddings=\u00bbfalse\u00bb rt_border_top=\u00bb\u00bb rt_border_bottom=\u00bb\u00bb rt_border_left=\u00bb\u00bb rt_border_right=\u00bbtrue\u00bb rt_border_top_mobile=\u00bb\u00bb rt_border_bottom_mobile=\u00bb\u00bb rt_border_left_mobile=\u00bb\u00bb rt_border_right_mobile=\u00bb\u00bb rt_bg_image_repeat=\u00bbrepeat\u00bb rt_bg_size=\u00bbauto auto\u00bb rt_bg_position=\u00bbright top\u00bb rt_bg_attachment=\u00bbscroll\u00bb offset=\u00bbvc_hidden-xs\u00bb][vc_separator style=\u00bbstyle-6&#8243; width=\u00bb100%\u00bb margin_top=\u00bb0&#8243; margin_bottom=\u00bb0&#8243;][\/vc_column][vc_column width=\u00bb2\/3&#8243; rt_wrp_col_paddings=\u00bbfalse\u00bb rt_border_top=\u00bb\u00bb rt_border_bottom=\u00bb\u00bb rt_border_left=\u00bb\u00bb rt_border_right=\u00bb\u00bb rt_border_top_mobile=\u00bb\u00bb rt_border_bottom_mobile=\u00bb\u00bb rt_border_left_mobile=\u00bb\u00bb rt_border_right_mobile=\u00bb\u00bb rt_bg_image_repeat=\u00bbrepeat\u00bb rt_bg_size=\u00bbauto auto\u00bb rt_bg_position=\u00bbright top\u00bb rt_bg_attachment=\u00bbscroll\u00bb rt_padding_left=\u00bb2%\u00bb rt_padding_right=\u00bb2%\u00bb rt_padding_top=\u00bb20&#8243; rt_padding_bottom=\u00bb20&#8243;]\r\n\t\t\t\t<div id=\"slider-image-carousel-223721\" class=\"rt-carousel rt-image-carousel carousel-holder clearfix rt-image-carousel \" data-item-width=\"3\" data-nav=\"true\" data-dots=\"false\" data-margin=\"\" data-autoplay=\"false\" data-timeout=\"5000\" data-loop=\"false\" data-tablet-item-width=\"2\" data-mobile-item-width=\"1\">\r\n\t\t\t\t\t<div class=\"owl-carousel\">\r\n\t\t\t\t\t\t<div><img decoding=\"async\" src=\"https:\/\/www.fics.com.mx\/nova-test\/wp-content\/uploads\/2023\/07\/NOVA-Mexico.png\" alt=\"\" itemprop=\"image\"><\/div><div><img decoding=\"async\" src=\"https:\/\/www.fics.com.mx\/nova-test\/wp-content\/uploads\/2023\/06\/syncro.png\" alt=\"\" itemprop=\"image\"><\/div><div><img decoding=\"async\" src=\"https:\/\/www.fics.com.mx\/nova-test\/wp-content\/uploads\/2023\/06\/petzel.png\" alt=\"\" itemprop=\"image\"><\/div><div><img decoding=\"async\" src=\"https:\/\/www.fics.com.mx\/nova-test\/wp-content\/uploads\/2023\/06\/pok.png\" alt=\"\" itemprop=\"image\"><\/div><div><img decoding=\"async\" src=\"https:\/\/www.fics.com.mx\/nova-test\/wp-content\/uploads\/2023\/06\/rexponder.png\" alt=\"\" itemprop=\"image\"><\/div><div><img decoding=\"async\" src=\"https:\/\/www.fics.com.mx\/nova-test\/wp-content\/uploads\/2023\/06\/romak-fire.png\" alt=\"\" itemprop=\"image\"><\/div><div><img decoding=\"async\" src=\"https:\/\/www.fics.com.mx\/nova-test\/wp-content\/uploads\/2023\/06\/ruth-lee.png\" alt=\"\" itemprop=\"image\"><\/div><div><img decoding=\"async\" src=\"https:\/\/www.fics.com.mx\/nova-test\/wp-content\/uploads\/2023\/06\/scrops.png\" alt=\"\" itemprop=\"image\"><\/div><div><img decoding=\"async\" src=\"https:\/\/www.fics.com.mx\/nova-test\/wp-content\/uploads\/2023\/06\/mt.png\" alt=\"\" itemprop=\"image\"><\/div><div><img decoding=\"async\" src=\"https:\/\/www.fics.com.mx\/nova-test\/wp-content\/uploads\/2023\/06\/migi.png\" alt=\"\" itemprop=\"image\"><\/div><div><img decoding=\"async\" src=\"https:\/\/www.fics.com.mx\/nova-test\/wp-content\/uploads\/2023\/06\/fas.png\" alt=\"\" itemprop=\"image\"><\/div><div><img decoding=\"async\" src=\"https:\/\/www.fics.com.mx\/nova-test\/wp-content\/uploads\/2023\/06\/evm.png\" alt=\"\" itemprop=\"image\"><\/div><div><img decoding=\"async\" src=\"https:\/\/www.fics.com.mx\/nova-test\/wp-content\/uploads\/2023\/06\/3f.png\" alt=\"\" itemprop=\"image\"><\/div>\r\n\t\t\t\t\t<\/div>\r\n\t\t\t\t\t\r\n\t\t\t\t<\/div>\r\n\t\t\t[\/vc_column][\/vc_row]<\/p>\n<\/div>","protected":false},"excerpt":{"rendered":"<p>[vc_row rt_row_background_width=\u00bbfullwidth\u00bb rt_row_content_width=\u00bbdefault\u00bb rt_row_style=\u00bbdefault-style\u00bb rt_column_placement=\u00bbmiddle\u00bb rt_row_borders=\u00bb\u00bb rt_row_paddings=\u00bbtrue\u00bb rt_bg_effect=\u00bbclassic\u00bb rt_bg_image_repeat=\u00bbrepeat\u00bb rt_bg_size=\u00bbcover\u00bb rt_bg_position=\u00bbright top\u00bb rt_bg_attachment=\u00bbscroll\u00bb rt_bg_video_format=\u00bbself-hosted\u00bb][vc_column width=\u00bb1\/4&#8243; rt_color_set=\u00bbalt-style-2&#8243; rt_wrp_col_paddings=\u00bbfalse\u00bb rt_border_top=\u00bb\u00bb rt_border_bottom=\u00bb\u00bb rt_border_left=\u00bb\u00bb rt_border_right=\u00bb\u00bb rt_border_top_mobile=\u00bb\u00bb rt_border_bottom_mobile=\u00bb\u00bb rt_border_left_mobile=\u00bb\u00bb rt_border_right_mobile=\u00bb\u00bb rt_bg_image_repeat=\u00bbrepeat\u00bb rt_bg_size=\u00bbauto auto\u00bb rt_bg_position=\u00bbright top\u00bb rt_bg_attachment=\u00bbscroll\u00bb class=\u00bbsecondary-font\u00bb rt_padding_top=\u00bb20&#8243; rt_padding_bottom=\u00bb20&#8243; rt_padding_left=\u00bb10&#8243; rt_padding_right=\u00bb10&#8243; css=\u00bb.vc_custom_1687551928243{background-color: rgba(31,59,114,0.85) !important;*background-color: rgb(31,59,114) !important;}\u00bb][\/vc_column][vc_column width=\u00bb1\/12&#8243; rt_wrp_col_paddings=\u00bbfalse\u00bb rt_border_top=\u00bb\u00bb rt_border_bottom=\u00bb\u00bb rt_border_left=\u00bb\u00bb rt_border_right=\u00bbtrue\u00bb rt_border_top_mobile=\u00bb\u00bb rt_border_bottom_mobile=\u00bb\u00bb rt_border_left_mobile=\u00bb\u00bb rt_border_right_mobile=\u00bb\u00bb rt_bg_image_repeat=\u00bbrepeat\u00bb rt_bg_size=\u00bbauto auto\u00bb rt_bg_position=\u00bbright [&hellip;]<\/p>\n","protected":false},"author":1,"featured_media":0,"parent":0,"menu_order":0,"comment_status":"closed","ping_status":"closed","template":"","meta":{"footnotes":""},"class_list":["post-2784","page","type-page","status-publish","hentry"],"_links":{"self":[{"href":"https:\/\/www.fics.com.mx\/nova-test\/wp-json\/wp\/v2\/pages\/2784","targetHints":{"allow":["GET"]}}],"collection":[{"href":"https:\/\/www.fics.com.mx\/nova-test\/wp-json\/wp\/v2\/pages"}],"about":[{"href":"https:\/\/www.fics.com.mx\/nova-test\/wp-json\/wp\/v2\/types\/page"}],"author":[{"embeddable":true,"href":"https:\/\/www.fics.com.mx\/nova-test\/wp-json\/wp\/v2\/users\/1"}],"replies":[{"embeddable":true,"href":"https:\/\/www.fics.com.mx\/nova-test\/wp-json\/wp\/v2\/comments?post=2784"}],"version-history":[{"count":10,"href":"https:\/\/www.fics.com.mx\/nova-test\/wp-json\/wp\/v2\/pages\/2784\/revisions"}],"predecessor-version":[{"id":3835,"href":"https:\/\/www.fics.com.mx\/nova-test\/wp-json\/wp\/v2\/pages\/2784\/revisions\/3835"}],"wp:attachment":[{"href":"https:\/\/www.fics.com.mx\/nova-test\/wp-json\/wp\/v2\/media?parent=2784"}],"curies":[{"name":"wp","href":"https:\/\/api.w.org\/{rel}","templated":true}]}}